{"id":859,"date":"2012-10-23T08:03:35","date_gmt":"2012-10-23T08:03:35","guid":{"rendered":"http:\/\/74.220.215.242\/~standrf3\/risen\/?page_id=859"},"modified":"2022-05-14T16:34:50","modified_gmt":"2022-05-14T20:34:50","slug":"ecuador","status":"publish","type":"page","link":"https:\/\/ssvmusa.org\/index.php\/missions\/foreign-missions\/ecuador\/","title":{"rendered":"Ecuador"},"content":{"rendered":"\t\t<div data-elementor-type=\"wp-page\" data-elementor-id=\"859\" class=\"elementor elementor-859\">\n\t\t\t\t\t\t<section class=\"elementor-section elementor-top-section elementor-element elementor-element-4f1fc5d8 elementor-section-stretched elementor-section-boxed elementor-section-height-default elementor-section-height-default\" data-id=\"4f1fc5d8\" data-element_type=\"section\" data-e-type=\"section\" data-settings=\"{&quot;stretch_section&quot;:&quot;section-stretched&quot;,&quot;background_background&quot;:&quot;classic&quot;}\">\n\t\t\t\t\t\t\t<div class=\"elementor-background-overlay\"><\/div>\n\t\t\t\t\t\t\t<div class=\"elementor-container elementor-column-gap-no\">\n\t\t\t\t\t<div class=\"elementor-column elementor-col-100 elementor-top-column elementor-element elementor-element-31825c27\" data-id=\"31825c27\" data-element_type=\"column\" data-e-type=\"column\">\n\t\t\t<div class=\"elementor-widget-wrap elementor-element-populated\">\n\t\t\t\t\t\t<div class=\"elementor-element elementor-element-475f40ad elementor-widget elementor-widget-image\" data-id=\"475f40ad\" data-element_type=\"widget\" data-e-type=\"widget\" data-widget_type=\"image.default\">\n\t\t\t\t<div class=\"elementor-widget-container\">\n\t\t\t\t\t\t\t\t\t\t\t\t\t\t\t<img decoding=\"async\" width=\"150\" height=\"150\" src=\"https:\/\/i0.wp.com\/ssvmusa.org\/1s2s3v5m6\/wp-content\/uploads\/2020\/09\/c-ecuador.png?resize=150%2C150&amp;ssl=1\" class=\"attachment-thumbnail size-thumbnail wp-image-18333\" alt=\"\" srcset=\"https:\/\/i0.wp.com\/ssvmusa.org\/1s2s3v5m6\/wp-content\/uploads\/2020\/09\/c-ecuador.png?w=200&amp;ssl=1 200w, https:\/\/i0.wp.com\/ssvmusa.org\/1s2s3v5m6\/wp-content\/uploads\/2020\/09\/c-ecuador.png?resize=150%2C150&amp;ssl=1 150w\" sizes=\"(max-width: 150px) 100vw, 150px\" \/>\t\t\t\t\t\t\t\t\t\t\t\t\t\t\t<\/div>\n\t\t\t\t<\/div>\n\t\t\t\t\t<\/div>\n\t\t<\/div>\n\t\t\t\t\t<\/div>\n\t\t<\/section>\n\t\t\t\t<section class=\"elementor-section elementor-top-section elementor-element elementor-element-6abdf41e elementor-section-stretched elementor-section-full_width elementor-section-height-default elementor-section-height-default\" data-id=\"6abdf41e\" data-element_type=\"section\" data-e-type=\"section\" data-settings=\"{&quot;stretch_section&quot;:&quot;section-stretched&quot;,&quot;background_background&quot;:&quot;classic&quot;}\">\n\t\t\t\t\t\t<div class=\"elementor-container elementor-column-gap-default\">\n\t\t\t\t\t<div class=\"elementor-column elementor-col-33 elementor-top-column elementor-element elementor-element-544405d4\" data-id=\"544405d4\" data-element_type=\"column\" data-e-type=\"column\">\n\t\t\t<div class=\"elementor-widget-wrap elementor-element-populated\">\n\t\t\t\t\t\t<section class=\"elementor-section elementor-inner-section elementor-element elementor-element-22bf3417 elementor-section-boxed elementor-section-height-default elementor-section-height-default\" data-id=\"22bf3417\" data-element_type=\"section\" data-e-type=\"section\">\n\t\t\t\t\t\t<div class=\"elementor-container elementor-column-gap-no\">\n\t\t\t\t\t<div class=\"elementor-column elementor-col-25 elementor-inner-column elementor-element elementor-element-4131b676\" data-id=\"4131b676\" data-element_type=\"column\" data-e-type=\"column\">\n\t\t\t<div class=\"elementor-widget-wrap\">\n\t\t\t\t\t\t\t<\/div>\n\t\t<\/div>\n\t\t\t\t<div class=\"elementor-column elementor-col-25 elementor-inner-column elementor-element elementor-element-f2e9626\" data-id=\"f2e9626\" data-element_type=\"column\" data-e-type=\"column\">\n\t\t\t<div class=\"elementor-widget-wrap elementor-element-populated\">\n\t\t\t\t\t\t<div class=\"elementor-element elementor-element-3d05450 elementor-view-stacked elementor-shape-circle elementor-widget elementor-widget-icon\" data-id=\"3d05450\" data-element_type=\"widget\" data-e-type=\"widget\" data-widget_type=\"icon.default\">\n\t\t\t\t<div class=\"elementor-widget-container\">\n\t\t\t\t\t\t\t<div class=\"elementor-icon-wrapper\">\n\t\t\t<a class=\"elementor-icon\" href=\"https:\/\/www.youtube.com\/channel\/UCfDOPFtlW8KYmznZ4X4jHUQ\" target=\"_blank\">\n\t\t\t<i aria-hidden=\"true\" class=\"fab fa-youtube\"><\/i>\t\t\t<\/a>\n\t\t<\/div>\n\t\t\t\t\t\t<\/div>\n\t\t\t\t<\/div>\n\t\t\t\t\t<\/div>\n\t\t<\/div>\n\t\t\t\t<div class=\"elementor-column elementor-col-25 elementor-inner-column elementor-element elementor-element-51e8c932\" data-id=\"51e8c932\" data-element_type=\"column\" data-e-type=\"column\">\n\t\t\t<div class=\"elementor-widget-wrap elementor-element-populated\">\n\t\t\t\t\t\t<div class=\"elementor-element elementor-element-488525ec elementor-view-stacked elementor-shape-circle elementor-widget elementor-widget-icon\" data-id=\"488525ec\" data-element_type=\"widget\" data-e-type=\"widget\" data-widget_type=\"icon.default\">\n\t\t\t\t<div class=\"elementor-widget-container\">\n\t\t\t\t\t\t\t<div class=\"elementor-icon-wrapper\">\n\t\t\t<a class=\"elementor-icon\" href=\"http:\/\/Instagram.com\/servidorasecuador\" target=\"_blank\">\n\t\t\t<i aria-hidden=\"true\" class=\"fab fa-instagram\"><\/i>\t\t\t<\/a>\n\t\t<\/div>\n\t\t\t\t\t\t<\/div>\n\t\t\t\t<\/div>\n\t\t\t\t\t<\/div>\n\t\t<\/div>\n\t\t\t\t<div class=\"elementor-column elementor-col-25 elementor-inner-column elementor-element elementor-element-18f94d03\" data-id=\"18f94d03\" data-element_type=\"column\" data-e-type=\"column\">\n\t\t\t<div class=\"elementor-widget-wrap elementor-element-populated\">\n\t\t\t\t\t\t<div class=\"elementor-element elementor-element-110e4da0 elementor-view-stacked elementor-shape-circle elementor-widget elementor-widget-icon\" data-id=\"110e4da0\" data-element_type=\"widget\" data-e-type=\"widget\" data-widget_type=\"icon.default\">\n\t\t\t\t<div class=\"elementor-widget-container\">\n\t\t\t\t\t\t\t<div class=\"elementor-icon-wrapper\">\n\t\t\t<a class=\"elementor-icon\" href=\"http:\/\/Facebook.com\/ssvmEcuador\" target=\"_blank\">\n\t\t\t<i aria-hidden=\"true\" class=\"fab fa-facebook\"><\/i>\t\t\t<\/a>\n\t\t<\/div>\n\t\t\t\t\t\t<\/div>\n\t\t\t\t<\/div>\n\t\t\t\t\t<\/div>\n\t\t<\/div>\n\t\t\t\t\t<\/div>\n\t\t<\/section>\n\t\t\t\t\t<\/div>\n\t\t<\/div>\n\t\t\t\t<div class=\"elementor-column elementor-col-33 elementor-top-column elementor-element elementor-element-30661baa\" data-id=\"30661baa\" data-element_type=\"column\" data-e-type=\"column\">\n\t\t\t<div class=\"elementor-widget-wrap elementor-element-populated\">\n\t\t\t\t\t\t<div class=\"elementor-element elementor-element-66b4a5a8 elementor-widget elementor-widget-text-editor\" data-id=\"66b4a5a8\" data-element_type=\"widget\" data-e-type=\"widget\" data-widget_type=\"text-editor.default\">\n\t\t\t\t<div class=\"elementor-widget-container\">\n\t\t\t\t\t\t\t\t\t<p style=\"text-align: center;\">Ecuador<\/p>\t\t\t\t\t\t\t\t<\/div>\n\t\t\t\t<\/div>\n\t\t\t\t<div class=\"elementor-element elementor-element-7b421b87 elementor-widget elementor-widget-text-editor\" data-id=\"7b421b87\" data-element_type=\"widget\" data-e-type=\"widget\" data-widget_type=\"text-editor.default\">\n\t\t\t\t<div class=\"elementor-widget-container\">\n\t\t\t\t\t\t\t\t\t<p style=\"text-align: center;\"><a href=\"https:\/\/www.servidorasdelsenor.org\/en\/convents\/south-america\/ecuador\" target=\"_blank\" rel=\"noopener\"><em>Contact Info<\/em><\/a><\/p>\t\t\t\t\t\t\t\t<\/div>\n\t\t\t\t<\/div>\n\t\t\t\t\t<\/div>\n\t\t<\/div>\n\t\t\t\t<div class=\"elementor-column elementor-col-33 elementor-top-column elementor-element elementor-element-1bf162a2\" data-id=\"1bf162a2\" data-element_type=\"column\" data-e-type=\"column\">\n\t\t\t<div class=\"elementor-widget-wrap elementor-element-populated\">\n\t\t\t\t\t\t<div class=\"elementor-element elementor-element-4c120230 elementor-widget elementor-widget-text-editor\" data-id=\"4c120230\" data-element_type=\"widget\" data-e-type=\"widget\" data-widget_type=\"text-editor.default\">\n\t\t\t\t<div class=\"elementor-widget-container\">\n\t\t\t\t\t\t\t\t\t<p><a href=\"#donate\" rel=\"#donate\"><img decoding=\"async\" data-recalc-dims=\"1\" class=\"alignleft\" style=\"color: #ffffff; font-family: Assistant, serif; letter-spacing: 0.4px; text-align: center;\" src=\"https:\/\/i0.wp.com\/www.paypal.com\/en_US\/i\/btn\/btn_donateCC_LG_global.gif?resize=122%2C47&#038;ssl=1\" alt=\"\" width=\"122\" height=\"47\" \/><\/a><\/p>\t\t\t\t\t\t\t\t<\/div>\n\t\t\t\t<\/div>\n\t\t\t\t\t<\/div>\n\t\t<\/div>\n\t\t\t\t\t<\/div>\n\t\t<\/section>\n\t\t\t\t<section class=\"elementor-section elementor-top-section elementor-element elementor-element-1bcf9f58 elementor-section-stretched elementor-section-boxed elementor-section-height-default elementor-section-height-default\" data-id=\"1bcf9f58\" data-element_type=\"section\" data-e-type=\"section\" data-settings=\"{&quot;stretch_section&quot;:&quot;section-stretched&quot;,&quot;background_background&quot;:&quot;classic&quot;}\">\n\t\t\t\t\t\t<div class=\"elementor-container elementor-column-gap-default\">\n\t\t\t\t\t<div class=\"elementor-column elementor-col-100 elementor-top-column elementor-element elementor-element-4253591b\" data-id=\"4253591b\" data-element_type=\"column\" data-e-type=\"column\">\n\t\t\t<div class=\"elementor-widget-wrap elementor-element-populated\">\n\t\t\t\t\t\t<div class=\"elementor-element elementor-element-726eefd3 elementor-widget elementor-widget-heading\" data-id=\"726eefd3\" data-element_type=\"widget\" data-e-type=\"widget\" data-widget_type=\"heading.default\">\n\t\t\t\t<div class=\"elementor-widget-container\">\n\t\t\t\t\t<h3 class=\"elementor-heading-title elementor-size-default\">Locations<\/h3>\t\t\t\t<\/div>\n\t\t\t\t<\/div>\n\t\t\t\t<div class=\"elementor-element elementor-element-4cfe8a28 elementor-widget elementor-widget-text-editor\" data-id=\"4cfe8a28\" data-element_type=\"widget\" data-e-type=\"widget\" data-widget_type=\"text-editor.default\">\n\t\t\t\t<div class=\"elementor-widget-container\">\n\t\t\t\t\t\t\t\t\t<p><strong style=\"color: var( --e-global-color-text ); font-family: var( --e-global-typography-text-font-family ); font-size: var( --e-global-typography-text-font-size ); font-style: var( --e-global-typography-text-font-style ); letter-spacing: var( --e-global-typography-text-letter-spacing ); text-transform: var( --e-global-typography-text-text-transform );\">Provincial House (Ecuador &amp; Dominican Republic)<br \/><\/strong><span style=\"color: var( --e-global-color-text ); font-family: var( --e-global-typography-text-font-family ); font-size: var( --e-global-typography-text-font-size ); font-style: var( --e-global-typography-text-font-style ); font-weight: var( --e-global-typography-text-font-weight ); letter-spacing: var( --e-global-typography-text-letter-spacing ); text-transform: var( --e-global-typography-text-text-transform );\">Community Nuestra Se\u00f1ora Reina del Cisne in Loja<\/span><\/p><p><strong>Houses of Formation<br \/><\/strong>Aspirancy Santa Ana Wang in Loja<br \/>Novitiate Mar\u00eda, Reina del Cisne in Loja<br \/>Juniorate House of Studies Santa Mariana de Jes\u00fas in Loja<\/p><p><b>Apostolic Houses<br \/><\/b>Community San Camilo de Lellis in Loja (home of mercy)<br \/>Community Beata Mercedes de Jes\u00fas Molina in Guayaquil (home of mercy)<br \/>Community Narcisa de Jes\u00fas in Guayaquil<br \/>Community Inmaculada de Gal\u00e1pagos in Isla Santa Cruz, Galapagos<br \/>Community Mar\u00eda Estrella del Mar in Isla Isabela, Galapagos<\/p>\t\t\t\t\t\t\t\t<\/div>\n\t\t\t\t<\/div>\n\t\t\t\t\t<\/div>\n\t\t<\/div>\n\t\t\t\t\t<\/div>\n\t\t<\/section>\n\t\t\t\t<section class=\"elementor-section elementor-top-section elementor-element elementor-element-122a77c elementor-section-stretched elementor-section-boxed elementor-section-height-default elementor-section-height-default\" data-id=\"122a77c\" data-element_type=\"section\" data-e-type=\"section\" data-settings=\"{&quot;stretch_section&quot;:&quot;section-stretched&quot;,&quot;background_background&quot;:&quot;classic&quot;}\">\n\t\t\t\t\t\t<div class=\"elementor-container elementor-column-gap-default\">\n\t\t\t\t\t<div class=\"elementor-column elementor-col-100 elementor-top-column elementor-element elementor-element-ae46a6e\" data-id=\"ae46a6e\" data-element_type=\"column\" data-e-type=\"column\">\n\t\t\t<div class=\"elementor-widget-wrap elementor-element-populated\">\n\t\t\t\t\t\t<div class=\"elementor-element elementor-element-7cd62f8 elementor-widget-divider--view-line elementor-widget elementor-widget-divider\" data-id=\"7cd62f8\" data-element_type=\"widget\" data-e-type=\"widget\" data-widget_type=\"divider.default\">\n\t\t\t\t<div class=\"elementor-widget-container\">\n\t\t\t\t\t\t\t<div class=\"elementor-divider\">\n\t\t\t<span class=\"elementor-divider-separator\">\n\t\t\t\t\t\t<\/span>\n\t\t<\/div>\n\t\t\t\t\t\t<\/div>\n\t\t\t\t<\/div>\n\t\t\t\t<div class=\"elementor-element elementor-element-b95c0ad elementor-widget elementor-widget-heading\" data-id=\"b95c0ad\" data-element_type=\"widget\" data-e-type=\"widget\" data-widget_type=\"heading.default\">\n\t\t\t\t<div class=\"elementor-widget-container\">\n\t\t\t\t\t<h2 class=\"elementor-heading-title elementor-size-default\">Photos from the missions<\/h2>\t\t\t\t<\/div>\n\t\t\t\t<\/div>\n\t\t\t\t<div class=\"elementor-element elementor-element-2ce423d elementor-widget elementor-widget-text-editor\" data-id=\"2ce423d\" data-element_type=\"widget\" data-e-type=\"widget\" data-widget_type=\"text-editor.default\">\n\t\t\t\t<div class=\"elementor-widget-container\">\n\t\t\t\t\t\t\t\t\t<p><img fetchpriority=\"high\" decoding=\"async\" data-recalc-dims=\"1\" class=\"alignleft wp-image-19070 size-full\" src=\"https:\/\/i0.wp.com\/ssvmusa.org\/1s2s3v5m6\/wp-content\/uploads\/2020\/09\/ecuador-kids-min.jpg?resize=600%2C450&#038;ssl=1\" alt=\"\" width=\"600\" height=\"450\" srcset=\"https:\/\/i0.wp.com\/ssvmusa.org\/1s2s3v5m6\/wp-content\/uploads\/2020\/09\/ecuador-kids-min.jpg?w=600&amp;ssl=1 600w, https:\/\/i0.wp.com\/ssvmusa.org\/1s2s3v5m6\/wp-content\/uploads\/2020\/09\/ecuador-kids-min.jpg?resize=300%2C225&amp;ssl=1 300w\" sizes=\"(max-width: 600px) 100vw, 600px\" \/> <img loading=\"lazy\" decoding=\"async\" data-recalc-dims=\"1\" class=\"alignleft wp-image-19072 \" src=\"https:\/\/i0.wp.com\/ssvmusa.org\/1s2s3v5m6\/wp-content\/uploads\/2020\/09\/ecuador-pilgrimage-min.jpg?resize=393%2C222&#038;ssl=1\" alt=\"\" width=\"393\" height=\"222\" srcset=\"https:\/\/i0.wp.com\/ssvmusa.org\/1s2s3v5m6\/wp-content\/uploads\/2020\/09\/ecuador-pilgrimage-min.jpg?w=600&amp;ssl=1 600w, https:\/\/i0.wp.com\/ssvmusa.org\/1s2s3v5m6\/wp-content\/uploads\/2020\/09\/ecuador-pilgrimage-min.jpg?resize=300%2C169&amp;ssl=1 300w\" sizes=\"(max-width: 393px) 100vw, 393px\" \/><img loading=\"lazy\" decoding=\"async\" data-recalc-dims=\"1\" class=\"size-medium wp-image-19071 alignleft\" src=\"https:\/\/i0.wp.com\/ssvmusa.org\/1s2s3v5m6\/wp-content\/uploads\/2020\/09\/Servidoras-adoration-Ecuador-5.jpg?resize=200%2C300&#038;ssl=1\" alt=\"\" width=\"200\" height=\"300\" srcset=\"https:\/\/i0.wp.com\/ssvmusa.org\/1s2s3v5m6\/wp-content\/uploads\/2020\/09\/Servidoras-adoration-Ecuador-5.jpg?w=300&amp;ssl=1 300w, https:\/\/i0.wp.com\/ssvmusa.org\/1s2s3v5m6\/wp-content\/uploads\/2020\/09\/Servidoras-adoration-Ecuador-5.jpg?resize=200%2C300&amp;ssl=1 200w\" sizes=\"(max-width: 200px) 100vw, 200px\" \/><\/p><p>\u00a0<\/p><p>\u00a0<\/p>\t\t\t\t\t\t\t\t<\/div>\n\t\t\t\t<\/div>\n\t\t\t\t<div class=\"elementor-element elementor-element-4fc5ddb elementor-button-info elementor-widget elementor-widget-button\" data-id=\"4fc5ddb\" data-element_type=\"widget\" data-e-type=\"widget\" data-widget_type=\"button.default\">\n\t\t\t\t<div class=\"elementor-widget-container\">\n\t\t\t\t\t\t\t\t\t<div class=\"elementor-button-wrapper\">\n\t\t\t\t\t<a class=\"elementor-button elementor-button-link elementor-size-sm\" href=\"https:\/\/institutodelverboencarnado.org\/?s=ecuador\" target=\"_blank\">\n\t\t\t\t\t\t<span class=\"elementor-button-content-wrapper\">\n\t\t\t\t\t\t\t\t\t<span class=\"elementor-button-text\">More photos from the missions in Ecuador<\/span>\n\t\t\t\t\t<\/span>\n\t\t\t\t\t<\/a>\n\t\t\t\t<\/div>\n\t\t\t\t\t\t\t\t<\/div>\n\t\t\t\t<\/div>\n\t\t\t\t\t<\/div>\n\t\t<\/div>\n\t\t\t\t\t<\/div>\n\t\t<\/section>\n\t\t\t\t<section class=\"elementor-section elementor-top-section elementor-element elementor-element-6636e0c elementor-section-stretched elementor-section-boxed elementor-section-height-default elementor-section-height-default\" data-id=\"6636e0c\" data-element_type=\"section\" data-e-type=\"section\" data-settings=\"{&quot;stretch_section&quot;:&quot;section-stretched&quot;,&quot;background_background&quot;:&quot;classic&quot;}\">\n\t\t\t\t\t\t<div class=\"elementor-container elementor-column-gap-default\">\n\t\t\t\t\t<div class=\"elementor-column elementor-col-100 elementor-top-column elementor-element elementor-element-11f5ebb\" data-id=\"11f5ebb\" data-element_type=\"column\" data-e-type=\"column\">\n\t\t\t<div class=\"elementor-widget-wrap elementor-element-populated\">\n\t\t\t\t\t\t<div class=\"elementor-element elementor-element-ab7b51b elementor-widget elementor-widget-heading\" data-id=\"ab7b51b\" data-element_type=\"widget\" data-e-type=\"widget\" data-widget_type=\"heading.default\">\n\t\t\t\t<div class=\"elementor-widget-container\">\n\t\t\t\t\t<h3 class=\"elementor-heading-title elementor-size-default\">How you can help<\/h3>\t\t\t\t<\/div>\n\t\t\t\t<\/div>\n\t\t\t\t<div class=\"elementor-element elementor-element-3ab5cd0 elementor-widget elementor-widget-menu-anchor\" data-id=\"3ab5cd0\" data-element_type=\"widget\" data-e-type=\"widget\" data-widget_type=\"menu-anchor.default\">\n\t\t\t\t<div class=\"elementor-widget-container\">\n\t\t\t\t\t\t\t<div class=\"elementor-menu-anchor\" id=\"donate\"><\/div>\n\t\t\t\t\t\t<\/div>\n\t\t\t\t<\/div>\n\t\t\t\t<div class=\"elementor-element elementor-element-d6d0728 elementor-widget elementor-widget-text-editor\" data-id=\"d6d0728\" data-element_type=\"widget\" data-e-type=\"widget\" data-widget_type=\"text-editor.default\">\n\t\t\t\t<div class=\"elementor-widget-container\">\n\t\t\t\t\t\t\t\t\t<p><span style=\"letter-spacing: 0px;\">Use PayPal to make a tax-deductible donation to this mission. <\/span><span style=\"letter-spacing: 0px;\">Your mailing address only will be used to send you a thank-you letter with our tax ID number for your records.<\/span><\/p>\t\t\t\t\t\t\t\t<\/div>\n\t\t\t\t<\/div>\n\t\t\t\t<div class=\"elementor-element elementor-element-e922027 elementor-widget elementor-widget-html\" data-id=\"e922027\" data-element_type=\"widget\" data-e-type=\"widget\" data-widget_type=\"html.default\">\n\t\t\t\t<div class=\"elementor-widget-container\">\n\t\t\t\t\t<a href=\"https:\/\/www.paypal.com\/US\/fundraiser\/charity\/194401\" target=\"_blank\" rel=\"noopener noreferrer\"><img data-recalc-dims=\"1\" decoding=\"async\" src=\"https:\/\/i0.wp.com\/www.paypal.com\/en_US\/i\/btn\/btn_donateCC_LG_global.gif?w=1200&#038;ssl=1\" alt=\"\" border=\"0\" \/><\/a>\t\t\t\t<\/div>\n\t\t\t\t<\/div>\n\t\t\t\t<div class=\"elementor-element elementor-element-6540459 elementor-widget elementor-widget-text-editor\" data-id=\"6540459\" data-element_type=\"widget\" data-e-type=\"widget\" data-widget_type=\"text-editor.default\">\n\t\t\t\t<div class=\"elementor-widget-container\">\n\t\t\t\t\t\t\t\t\t<p>Or send your charitable donations payable to:<br>SSVM Missions Inc.<br>Attn: Ecuador<br>533 W Tioga Street<br>Philadelphia, PA 19140<strong><br><\/strong><br>All the sisters thank you for your prayers and support!<\/p>\t\t\t\t\t\t\t\t<\/div>\n\t\t\t\t<\/div>\n\t\t\t\t<div class=\"elementor-element elementor-element-6d24ace elementor-widget elementor-widget-spacer\" data-id=\"6d24ace\" data-element_type=\"widget\" data-e-type=\"widget\" data-widget_type=\"spacer.default\">\n\t\t\t\t<div class=\"elementor-widget-container\">\n\t\t\t\t\t\t\t<div class=\"elementor-spacer\">\n\t\t\t<div class=\"elementor-spacer-inner\"><\/div>\n\t\t<\/div>\n\t\t\t\t\t\t<\/div>\n\t\t\t\t<\/div>\n\t\t\t\t\t<\/div>\n\t\t<\/div>\n\t\t\t\t\t<\/div>\n\t\t<\/section>\n\t\t\t\t<\/div>\n\t\t","protected":false},"excerpt":{"rendered":"<p>Ecuador Contact Info Locations Provincial House (Ecuador &amp; Dominican Republic)Community Nuestra Se\u00f1ora Reina del Cisne in Loja Houses of FormationAspirancy Santa Ana Wang in LojaNovitiate Mar\u00eda, Reina del Cisne in LojaJuniorate House of Studies Santa Mariana de Jes\u00fas in Loja Apostolic HousesCommunity San Camilo de Lellis in Loja (home of mercy)Community Beata Mercedes de Jes\u00fas&hellip;&nbsp;<\/p>\n<div class=\"read-more-wrapper\"><a href=\"https:\/\/ssvmusa.org\/index.php\/missions\/foreign-missions\/ecuador\/\" class=\"button button-primary\" rel=\"bookmark\">Read More<span class=\"screen-reader-text\">Ecuador<\/span><\/a><\/div>\n","protected":false},"author":1,"featured_media":1077,"parent":1082,"menu_order":0,"comment_status":"closed","ping_status":"closed","template":"elementor_header_footer","meta":{"neve_meta_sidebar":"","neve_meta_container":"","neve_meta_enable_content_width":"off","neve_meta_content_width":0,"neve_meta_title_alignment":"","neve_meta_author_avatar":"","neve_post_elements_order":"","neve_meta_disable_header":"","neve_meta_disable_footer":"","neve_meta_disable_title":"on","neve_meta_reading_time":"","_themeisle_gutenberg_block_has_review":false,"footnotes":""},"class_list":["post-859","page","type-page","status-publish","has-post-thumbnail","hentry"],"jetpack_sharing_enabled":true,"amp_enabled":true,"_links":{"self":[{"href":"https:\/\/ssvmusa.org\/index.php\/wp-json\/wp\/v2\/pages\/859","targetHints":{"allow":["GET"]}}],"collection":[{"href":"https:\/\/ssvmusa.org\/index.php\/wp-json\/wp\/v2\/pages"}],"about":[{"href":"https:\/\/ssvmusa.org\/index.php\/wp-json\/wp\/v2\/types\/page"}],"author":[{"embeddable":true,"href":"https:\/\/ssvmusa.org\/index.php\/wp-json\/wp\/v2\/users\/1"}],"replies":[{"embeddable":true,"href":"https:\/\/ssvmusa.org\/index.php\/wp-json\/wp\/v2\/comments?post=859"}],"version-history":[{"count":5,"href":"https:\/\/ssvmusa.org\/index.php\/wp-json\/wp\/v2\/pages\/859\/revisions"}],"predecessor-version":[{"id":23808,"href":"https:\/\/ssvmusa.org\/index.php\/wp-json\/wp\/v2\/pages\/859\/revisions\/23808"}],"up":[{"embeddable":true,"href":"https:\/\/ssvmusa.org\/index.php\/wp-json\/wp\/v2\/pages\/1082"}],"wp:featuredmedia":[{"embeddable":true,"href":"https:\/\/ssvmusa.org\/index.php\/wp-json\/wp\/v2\/media\/1077"}],"wp:attachment":[{"href":"https:\/\/ssvmusa.org\/index.php\/wp-json\/wp\/v2\/media?parent=859"}],"curies":[{"name":"wp","href":"https:\/\/api.w.org\/{rel}","templated":true}]}}