{"id":6626,"date":"2014-09-20T21:04:10","date_gmt":"2014-09-20T21:04:10","guid":{"rendered":"http:\/\/ssvmusa.org\/?page_id=6626"},"modified":"2020-10-24T18:41:54","modified_gmt":"2020-10-24T22:41:54","slug":"dialogo-breve-del-amigo-y-del-amado-2","status":"publish","type":"page","link":"https:\/\/ssvmusa.org\/index.php\/about-us\/founder\/dialogo-breve-del-amigo-y-del-amado-2\/","title":{"rendered":"Di\u00e1logo Breve del Amigo y del Amado"},"content":{"rendered":"\t\t<div data-elementor-type=\"wp-page\" data-elementor-id=\"6626\" class=\"elementor elementor-6626\">\n\t\t\t\t\t\t<section class=\"elementor-section elementor-top-section elementor-element elementor-element-eb5788e elementor-section-boxed elementor-section-height-default elementor-section-height-default\" data-id=\"eb5788e\" data-element_type=\"section\" data-e-type=\"section\" data-settings=\"{&quot;background_background&quot;:&quot;classic&quot;}\">\n\t\t\t\t\t\t<div class=\"elementor-container elementor-column-gap-default\">\n\t\t\t\t\t<div class=\"elementor-column elementor-col-100 elementor-top-column elementor-element elementor-element-77e6b85\" data-id=\"77e6b85\" data-element_type=\"column\" data-e-type=\"column\">\n\t\t\t<div class=\"elementor-widget-wrap elementor-element-populated\">\n\t\t\t\t\t\t<div class=\"elementor-element elementor-element-ae55e46 elementor-widget elementor-widget-heading\" data-id=\"ae55e46\" data-element_type=\"widget\" data-e-type=\"widget\" data-widget_type=\"heading.default\">\n\t\t\t\t<div class=\"elementor-widget-container\">\n\t\t\t\t\t<h2 class=\"elementor-heading-title elementor-size-default\">\"Di\u00e1logo breve del Amigo y del Amado\"\n<\/h2>\t\t\t\t<\/div>\n\t\t\t\t<\/div>\n\t\t\t\t<div class=\"elementor-element elementor-element-0a7119e elementor-widget elementor-widget-text-editor\" data-id=\"0a7119e\" data-element_type=\"widget\" data-e-type=\"widget\" data-widget_type=\"text-editor.default\">\n\t\t\t\t<div class=\"elementor-widget-container\">\n\t\t\t\t\t\t\t\t\t<p><span style=\"color: #000000;\"><i>Dado en Washington, DC el 30 de mayo de 2009 por el Padre Carlos Buela, fundador del Instituto de Las Servidoras del Se\u00f1or y de la Virgen de Matar\u00e1<\/i><\/span><\/p><p align=\"justify\"><em>En homenaje de amistad a mi amigo el Doctor Antonio Borrell y su distinguida familia.<\/em><\/p><p align=\"justify\">Ram\u00f3n Llull naci\u00f3 en Palma de Mallorca entre 1232 y 1235, y muri\u00f3 en 1315. Fue m\u00edstico, apologista, fil\u00f3sofo, te\u00f3logo, poeta y santo. La obra que m\u00e1s fama le proporcion\u00f3 fue\u00a0<em>Blanquerna<\/em>, compuesta como fruto de la vida ermita\u00f1a de Llull hacia 1285. Inclu\u00eda una parte titulada\u00a0<em>Libro del amigo y del Amado<\/em>\u00a0en 366 sentencias breves y concisas. Expone una serie de aforismos que giraban en torno el di\u00e1logo del amigo y el Amado. De forma que los s\u00edmbolos, alegor\u00edas, met\u00e1foras se combinan con di\u00e1logos, sentencias m\u00e1s narrativas y proverbios. Los estudiosos coinciden en destacar las fuentes principales de su inspiraci\u00f3n que oscilaban entre la Biblia, el franciscanismo, el neoplatonismo, el sufismo y la poes\u00eda trovadoresca. El sufismo y el franciscanismo influyeron en la visi\u00f3n de la naturaleza como revelaci\u00f3n de la presencia divina, mientras que la corriente trovadoresca proporcion\u00f3 recursos aptos para verter pensamientos m\u00edsticos y filos\u00f3ficos en un di\u00e1logo de amor.<\/p><p align=\"justify\">Jos\u00e9 Mar\u00eda Pem\u00e1n busca de imitarlo creativamente en su poes\u00eda \u201cHomenaje a Ram\u00f3n Llull\u201d (1950), a quien seguimos en este serm\u00f3n en la Misa de votos perpetuos de las Servidoras del Se\u00f1or y de la Virgen de Matar\u00e1 en USA. Pem\u00e1n en\u00a0 \u201cCita en Mallorca\u201d, por\u00a0 una parte destaca en Llull las cualidades del\u00a0<em>\u00abm\u00e1s arrebatado gigante\u00bb, \u00abloco, m\u00edstico, raciocinante\u00bb<\/em>\u00a0y por otro lado, alaba su implacable l\u00f3gica y apertura a todas las ramas del conocimiento:\u00a0<em>\u00abera hombre de asimilaciones totales de las cosas todas en la unidad de la Verdad\u00bb<\/em>\u00a0que entendi\u00f3\u00a0<em>\u00abtoda la unidad del mundo, para irse luego, a tocarla y abrazarla\u00bb,<\/em>\u00a0como santo en el Cielo. (<em>OS<\/em>, I, pp. 150-151). Tambi\u00e9n utiliza como fuentes a los m\u00edsticos espa\u00f1oles posteriores a Llull. \u201cHomenaje a Ram\u00f3n Llull\u201d respeta el planteamiento epigram\u00e1tico de Llull, pero se limita a 57 proposiciones de las que s\u00f3lo veremos algunas. A semejanza de Llull desde el inicio introduce al Amado y al Amigo (en Pem\u00e1n con may\u00fascula) como figuras protagonistas del di\u00e1logo amoroso. El Amigo es cada bautizado, con mayor raz\u00f3n cada consagrada con votos de especial consagraci\u00f3n, que debe buscar la uni\u00f3n con el Amado, que es Jesucristo. Ponemos en rojo una suerte de peque\u00f1a gu\u00eda.<\/p><p align=\"center\"><span style=\"font-weight: bold;\">I\u00a0<span style=\"color: red;\">\u00bfD\u00f3nde est\u00e1 el Amado?<\/span><\/span><br \/>Pregunt\u00e1ronle al Amigo<br \/>en d\u00f3nde estaba el Amado&#8230;<br \/>Y \u00e9l respondi\u00f3: \u00abEn el suspiro<br \/>con que me lo has preguntado\u00bb.<\/p><p align=\"center\"><span style=\"font-weight: bold;\">III\u00a0<span style=\"color: red;\">En el amor bastan se\u00f1as: gestos, gui\u00f1os, suspiros, l\u00e1grimas, sonrisas\u2026<\/span><\/span><br \/>Amigo: \u00bfpor qu\u00e9 te empe\u00f1as<br \/>en decirme tus palabras<br \/>si a m\u00ed me bastan tus se\u00f1as?<\/p><p align=\"center\"><span style=\"font-weight: bold;\">IV\u00a0<span style=\"color: red;\">Fruto del amor contemplativo.<\/span><\/span><br \/>Su rostro, en aquella tarde,<br \/>tuve tan impreso en m\u00ed,<br \/>que porque no se borrara<br \/>me empe\u00f1aba en no dormir.<\/p><p align=\"center\"><span style=\"font-weight: bold;\">V\u00a0<span style=\"color: red;\">Amor misionero.<\/span><\/span><br \/>\u00a1Estoy cavando la tierra<br \/>por ver si encuentro el cari\u00f1o<br \/>con que quiero que Te quieran!<\/p><p align=\"center\"><span style=\"font-weight: bold;\">VII\u00a0<span style=\"color: red;\">Muy cerca est\u00e1 el suspiro del amor.<\/span><\/span><br \/>Suspiro que se le atreve<br \/>m\u00e1s cerca est\u00e1 del Amado<br \/>que est\u00e1 del candor la nieve.<\/p><p align=\"center\"><span style=\"font-weight: bold;\">VIII\u00a0<span style=\"color: red;\">Naturaleza del amado.<\/span><\/span><br \/>No es sabio, es Sabidur\u00eda;<br \/>no es luminoso, es el Sol;<br \/>no es alegre, es la Alegr\u00eda;<br \/>no es amable, es el Amor.<\/p><p align=\"center\"><span style=\"font-weight: bold;\">XIV\u00a0<span style=\"color: red;\">Amor y muerte.<\/span><\/span><br \/>Pens\u00f3 el Amigo en la muerte:<br \/>y se llen\u00f3 de alegr\u00eda<br \/>pensando que era ir a verte.<\/p><p align=\"center\"><span style=\"font-weight: bold;\">XV\u00a0<span style=\"color: red;\">Amar para no morir.<\/span><\/span><br \/>Si tu Amor te desamaba,<br \/>\u00bfqu\u00e9 ibas hacer de tu amor?<br \/>Seguir amando al Amado<br \/>para no morirme yo.<\/p><p align=\"center\"><span style=\"font-weight: bold;\">XVII\u00a0<span style=\"color: red;\">La paga del Amor.<\/span><\/span><br \/>Pidi\u00f3 el Amigo al Amado<br \/>la paga de tanto amor.<br \/>Sum\u00f3 el Amado la cuenta&#8230;<br \/>Y a\u00f1adi\u00f3 su coraz\u00f3n.<\/p><p align=\"center\"><span style=\"font-weight: bold;\">XVIII\u00a0<span style=\"color: red;\">Hay que pedirle a Jes\u00fas que nos de lo m\u00e1s que puede de \u00c9l.<\/span><\/span><br \/>-\u00bfQu\u00e9 quisieras t\u00fa de M\u00ed?<br \/>-Yo quisiera que me dieras<br \/>lo m\u00e1s que puedas de Ti.<\/p><p align=\"center\"><span style=\"font-weight: bold;\">XX\u00a0<span style=\"color: red;\">Se cura el dolor aumentando la agon\u00eda.<\/span><\/span><br \/>El Amor adolec\u00eda<br \/>de agon\u00eda y de dolor.<br \/>Vino el M\u00e9dico mejor:<br \/>y aumentando su agon\u00eda<br \/>cur\u00f3 del todo al Amor.<\/p><p align=\"center\"><span style=\"font-weight: bold;\">XXII\u00a0<span style=\"color: red;\">En el amor a Jes\u00fas la ausencia es presencia.<\/span><\/span><br \/>Se querellaba el Amigo<br \/>de no encontrar Tu presencia.<br \/>T\u00fa le dijiste: \u00abMi ausencia,<br \/>\u00bfno estaba, acaso, contigo?\u00bb.<\/p><p align=\"center\"><span style=\"font-weight: bold;\">XXIII\u00a0<span style=\"color: red;\">Lloro de llorar tan poco.<\/span><\/span><br \/>\u00bfPor qu\u00e9 lloras como un loco,<br \/>Amigo del alma m\u00eda?<br \/>Y el Amigo respond\u00eda:<br \/>\u00ab\u00a1Lloro de llorar tan poco!\u00bb.<\/p><p align=\"center\"><span style=\"font-weight: bold;\">XXIV\u00a0<span style=\"color: red;\">Nombre, fin, principio, medio, fuera del Amor \u00bfqu\u00e9?<\/span><\/span><br \/>-\u00bfC\u00f3mo te llamas? \u2013Amor.<br \/>-\u00bfAd\u00f3nde vas? \u2013Al amor.<br \/>-\u00bfDe d\u00f3nde vienes? \u2013De amor.<\/p><p align=\"center\">-Si amor son todos tus bienes<br \/>y a amor vas y de amor vienes,<br \/>fuera del amor, \u00bfqu\u00e9 tienes?<br \/>-\u00a1Las sobras de tanto amor!<\/p><p align=\"center\"><span style=\"font-weight: bold;\">XXV\u00a0<span style=\"color: red;\">Gemir, amar, llorar, sonre\u00edr.<\/span><\/span><br \/>-\u00bfPor qu\u00e9 ese triste gemir?<br \/>-Porque no saben amar&#8230;<br \/>Sent\u00ed ganas de llorar,<br \/>y \u00c9l se empez\u00f3 a sonre\u00edr.<\/p><p align=\"center\"><span style=\"font-weight: bold;\">XXX\u00a0<span style=\"color: red;\">La mirada de Jes\u00fas.<\/span><\/span><br \/>-Dime, Amado: \u00bfqu\u00e9 es amor?<br \/>\u00a1Y \u00c9l se me qued\u00f3 mirando<br \/>por toda contestaci\u00f3n!<\/p><p align=\"center\"><span style=\"font-weight: bold;\">XXXI\u00a0<span style=\"color: red;\">\u00bfQu\u00e9 falta?, \u00a1Amadores!, \u00a1Amadores!<\/span><\/span><br \/>Mir\u00e9 nubes, aguas, flores;<br \/>escuch\u00e9 los ruise\u00f1ores<br \/>desde la cumbre m\u00e1s alta&#8230;<br \/>-Dime, Amor, si algo te falta.<br \/>-\u00a1Amadores! \u00a1Amadores!<\/p><p align=\"center\"><span style=\"font-weight: bold;\">XXXIII\u00a0<span style=\"color: red;\">Ense\u00f1a amar hasta morir de amor.<\/span><\/span><br \/>-\u00bfTienes muchos amadores?<br \/>-Pocos tengo, que el oficio<br \/>los va matando de amores&#8230;<\/p><p align=\"center\"><span style=\"font-weight: bold;\">XXXVI\u00a0<span style=\"color: red;\">El que ama sabe toda ciencia.<\/span><\/span><br \/>Vino Amor a mi presencia.<br \/>-\u00bfA qu\u00e9 vienes? \u2013A aprender&#8230;<br \/>-Pues \u00bfno sabes toda ciencia,<br \/>Amor, si sabes querer?<\/p><p align=\"center\"><span style=\"font-weight: bold;\">XXXVII\u00a0<span style=\"color: red;\">Toda la creaci\u00f3n es reflejo de Dios.<\/span><\/span><br \/>-Rosas, \u00bfpas\u00f3 el que yo quiero?<br \/>-\u00a1Di las se\u00f1as! -\u00a1Tan hermosas!:<br \/>gracioso, blanco, ligero&#8230;<br \/>Se miraron las dos rosas.<br \/>Se\u00f1alaron un sendero.<\/p><p align=\"center\"><span style=\"font-weight: bold;\">XXXIX\u00a0<span style=\"color: red;\">Sequedad de amores.<\/span><\/span><br \/>L\u00e1grimas neg\u00f3 el Amado<br \/>a mi sequedad de amores.<br \/>Cuando vi el prado mojado<br \/>llor\u00e9 de no haber llorado<br \/>como lloraban las flores.<\/p><p align=\"center\"><span style=\"font-weight: bold;\">XL\u00a0<span style=\"color: red;\">Siempre es acusado por el mundo el verdadero disc\u00edpulo del Se\u00f1or.<\/span><\/span><br \/>Acusaron al Amigo<br \/>en el tribunal del Mundo:<br \/>porque andaba vagabundo<br \/>con harapos de mendigo.<\/p><p align=\"center\">Pero el Amigo ha alegado<br \/>su clara raz\u00f3n entera:<br \/>\u00abSi yo vivo a mi manera,<br \/>manera es de enamorado\u00bb.<\/p><p align=\"center\">\u00abNo quer\u00e1is que viva fiel<br \/>a cuanto ignoro y desprecio:<br \/>que el Amor parece necio<br \/>a todo cuanto no es El\u00bb.<\/p><p align=\"center\"><span style=\"font-weight: bold;\">XLI\u00a0<span style=\"color: red;\">Toda la creaci\u00f3n es reflejo de Dios.<\/span><\/span><br \/>Vi una azucena y cre\u00ed<br \/>que el Amado estaba en ella;<br \/>vi luego una rosa bella<br \/>y pens\u00e9 que estaba all\u00ed;<br \/>luego en un claro alhel\u00ed<br \/>y en un r\u00edo y una estrella&#8230;,<br \/>\u00a1y era porque estaba en mi!<\/p><p align=\"center\"><span style=\"font-weight: bold;\">XLIV\u00a0<span style=\"color: red;\">En el amor a Jes\u00fas no hay devoluci\u00f3n de lo que se ha dado.<\/span><\/span><br \/>-\u00a1Dame tu ciencia y poder!<br \/>-Al Amado se las di&#8230;<br \/>-Dile que las vuelva a ti.<br \/>-No me las quiere volver.<\/p><p align=\"center\"><span style=\"font-weight: bold;\">XLVII\u00a0<span style=\"color: red;\">\u00bfQu\u00e9 es amor? Esa es la contestaci\u00f3n.<\/span><\/span><br \/>Me dijo con un suspiro:<br \/>\u00abExpl\u00edcame qu\u00e9 es Amor&#8230;\u00bb<br \/>-Rep\u00edtete la pregunta<br \/>\u00a1que \u00e9sa es la contestaci\u00f3n!<\/p><p align=\"center\"><span style=\"font-weight: bold;\">XLIX\u00a0<span style=\"color: red;\">El que se desentiende todo lo entiende.<\/span><\/span><br \/>Buen entender es saber<br \/>que aquel que se desentiende<br \/>todo lo empieza a entender.<\/p><p align=\"center\"><span style=\"font-weight: bold;\">LVI\u00a0<span style=\"color: red;\">Siempre es necesario sufrir.<\/span><\/span><br \/>Es vano buscar la flor<br \/>sin herirse en el espino.<br \/>Sufre un poco&#8230; que el amor<br \/>hace solo su camino.<\/p><p align=\"center\"><span style=\"font-weight: bold;\">LVII\u00a0<span style=\"color: red;\">Morir de amor.<\/span><\/span><br \/>-Ens\u00e9\u00f1ame una canci\u00f3n<br \/>para rezarla al Amigo&#8230;<br \/>-Sigue, Amigo&#8230; \u2013Es que si sigo<br \/>se me rompe el coraz\u00f3n.<br \/>-\u00bfY quieres m\u00e1s oraci\u00f3n?<\/p><p align=\"center\">-Dame la ciencia que junta<br \/>el deseo y la presencia&#8230;.<br \/>-Pregunta, amigo, pregunta,<br \/>\u00bfpara qu\u00e9 quieres m\u00e1s ciencia?<\/p><p align=\"center\">-Dame tu llama encendida<br \/>\u00a1porque de amores me muero!<br \/>-\u00bfY quieres m\u00e1s alta vida?<\/p><p align=\"center\">No s\u00e9, Amado, lo que quiero,<br \/>ni s\u00e9 que es este querer,<br \/>ni s\u00e9 si es guerra o es paz&#8230;<br \/>-Si sabes ya no saber,<br \/>\u00bfpor qu\u00e9 quieres saber m\u00e1s?<\/p><p align=\"center\"><span style=\"font-weight: bold;\">XLII\u00a0<span style=\"color: red;\">El Hijo y Nuestra Se\u00f1ora.<\/span><\/span><br \/>\u00a1C\u00f3mo por el Sol la aurora,<br \/>juzga por la luz del Hijo<br \/>la luz de Nuestra Se\u00f1ora!<\/p><p align=\"center\"><span style=\"font-weight: bold;\">XLIII\u00a0<span style=\"color: red;\">El Amigo y el Amado, Jesucristo.<\/span><\/span><br \/>-\u00bfC\u00f3mo es su nombre? \u2013Sin nombre.<br \/>-\u00bfEs fuerte o d\u00e9bil? \u2013Los dos.<br \/>-\u00bfPues no es Dios? \u2013Pero es un hombre&#8230;<br \/>-Luego es hombre. \u2013Pero es Dios.<br \/>-Ponle un nombre. \u2013Dile Todo.<br \/>-Ens\u00e9\u00f1ame de alg\u00fan modo<br \/>con que le agrade y le rece.<br \/>-Llora en silencio. -\u00a1Parece<br \/>oraci\u00f3n bien corta y mala!<br \/>-Date todo. -\u00bfQui\u00e9n regala<br \/>ofrenda tan pobrecita?<br \/>-Tu Nada es tan infinita<br \/>que a su Todo se le iguala.<\/p>\t\t\t\t\t\t\t\t<\/div>\n\t\t\t\t<\/div>\n\t\t\t\t\t<\/div>\n\t\t<\/div>\n\t\t\t\t\t<\/div>\n\t\t<\/section>\n\t\t\t\t<\/div>\n\t\t","protected":false},"excerpt":{"rendered":"<p>&#8220;Di\u00e1logo breve del Amigo y del Amado&#8221; Dado en Washington, DC el 30 de mayo de 2009 por el Padre Carlos Buela, fundador del Instituto de Las Servidoras del Se\u00f1or y de la Virgen de Matar\u00e1 En homenaje de amistad a mi amigo el Doctor Antonio Borrell y su distinguida familia. Ram\u00f3n Llull naci\u00f3 en&hellip;&nbsp;<\/p>\n<div class=\"read-more-wrapper\"><a href=\"https:\/\/ssvmusa.org\/index.php\/about-us\/founder\/dialogo-breve-del-amigo-y-del-amado-2\/\" class=\"button button-primary\" rel=\"bookmark\">Read More<span class=\"screen-reader-text\">Di\u00e1logo Breve del Amigo y del Amado<\/span><\/a><\/div>\n","protected":false},"author":1,"featured_media":0,"parent":942,"menu_order":0,"comment_status":"closed","ping_status":"closed","template":"","meta":{"neve_meta_sidebar":"","neve_meta_container":"","neve_meta_enable_content_width":"off","neve_meta_content_width":0,"neve_meta_title_alignment":"","neve_meta_author_avatar":"","neve_post_elements_order":"","neve_meta_disable_header":"","neve_meta_disable_footer":"","neve_meta_disable_title":"on","neve_meta_reading_time":"","_themeisle_gutenberg_block_has_review":false,"footnotes":""},"class_list":["post-6626","page","type-page","status-publish","hentry"],"jetpack_sharing_enabled":true,"amp_enabled":true,"_links":{"self":[{"href":"https:\/\/ssvmusa.org\/index.php\/wp-json\/wp\/v2\/pages\/6626","targetHints":{"allow":["GET"]}}],"collection":[{"href":"https:\/\/ssvmusa.org\/index.php\/wp-json\/wp\/v2\/pages"}],"about":[{"href":"https:\/\/ssvmusa.org\/index.php\/wp-json\/wp\/v2\/types\/page"}],"author":[{"embeddable":true,"href":"https:\/\/ssvmusa.org\/index.php\/wp-json\/wp\/v2\/users\/1"}],"replies":[{"embeddable":true,"href":"https:\/\/ssvmusa.org\/index.php\/wp-json\/wp\/v2\/comments?post=6626"}],"version-history":[{"count":2,"href":"https:\/\/ssvmusa.org\/index.php\/wp-json\/wp\/v2\/pages\/6626\/revisions"}],"predecessor-version":[{"id":19776,"href":"https:\/\/ssvmusa.org\/index.php\/wp-json\/wp\/v2\/pages\/6626\/revisions\/19776"}],"up":[{"embeddable":true,"href":"https:\/\/ssvmusa.org\/index.php\/wp-json\/wp\/v2\/pages\/942"}],"wp:attachment":[{"href":"https:\/\/ssvmusa.org\/index.php\/wp-json\/wp\/v2\/media?parent=6626"}],"curies":[{"name":"wp","href":"https:\/\/api.w.org\/{rel}","templated":true}]}}