{"id":6624,"date":"2014-09-20T21:01:00","date_gmt":"2014-09-20T21:01:00","guid":{"rendered":"http:\/\/ssvmusa.org\/?page_id=6624"},"modified":"2014-09-20T21:12:45","modified_gmt":"2014-09-20T21:12:45","slug":"a-brief-dialogue-of-the-friend-with-the-beloved-2","status":"publish","type":"page","link":"https:\/\/ssvmusa.org\/index.php\/about-us\/founder\/a-brief-dialogue-of-the-friend-with-the-beloved-2\/","title":{"rendered":"A Brief Dialogue of the Friend with the Beloved"},"content":{"rendered":"<p>&#8220;A Brief Dialogue of the Friend with the Beloved&#8221; Given in Washington, DC on May 30, 2009<br \/>\nby Fr. Carlos Buela, founder of the Servants of the Lord and the Virgin of Matara<\/p>\n<p><em>In homage to the friendship with my friend Dr. Antonio Borrell and his distinguished family.<\/em><\/p>\n<p>Ram\u00f3n Llull was born in Palma, Majorca around 1232 and died in 1315. He was a mystic, apologist, philosopher, theologian, poet and saint. The work that brought him renown was Blanquerna, composed as a fruit of Llull\u2019s hermitic life around the year 1285. Included in this work is a part entitled <em>Book of the Friend and the Beloved<\/em> [<em>Libro del amigo y del Amado<\/em>] of 366 brief and concise sentences. He cites several aphorisms surrounding the dialogue between the friend and the Beloved. He does it in such a way that the symbols, allegories and metaphors are combined with dialogues, more narrative phrases and proverbs. Scholars concur in emphasizing that the main sources of inspiration oscillate between the Bible, Franciscanism, Neo-Platonism, Sophism, and troubadour poetry. Sophism and Franciscanism influenced his vision on the nature as revelation of the divine presence, while the troubadour current provided him with the appropriate resources to let his mystical and philosophical thoughts intertwine in a dialogue of love.<\/p>\n<p>Jos\u00e9 Mar\u00eda Pem\u00e1n seeks to creatively imitate him in his poem \u201cHomage to Ramon Llull\u201d (1950), which we will follow in this sermon on the occasion of the Mass of Perpetual Vows of the Servants of the Lord and the Virgin of Matara, here in the USA. On one hand, Pem\u00e1n emphasizes in \u201cMeeting in Majorca\u201d the qualities of Lull as \u201cthe most captivating giant\u201d, and as \u201cmad, mystic, rational.\u201dOn the other hand, Pem\u00e1n praises his implacable logic and his openness to all branches of knowledge, \u201che was the man of the total assimilations of all things in the unity of Truth.\u201d He also argues that Llull understood \u201call the unity of the world, later to leave it, to touch it and embrace it,\u201d like the saints in Heaven. (OS, I, pp. 150-151). In addition, he utilizes the Spansih mystics who came after Llull as sources. \u201cHomage to Ram\u00f3n Llull\u201d respects Llull\u2019s epigrammatic planning, but limits himself to 57 propositions of which we will see only a few. Like Llull, Pem\u00e1n introduces the Friend and the Beloved (both words capitalized by Pem\u00e1n) as the protagonists of this dialogue of love. The Friend is each baptized person\u2014particularly each person consecrated with vows because of their special consecration\u2014who should seek union with the Beloved, who is Jesus Christ. I will write the actual sentences of Pem\u00e1n\u2019s poem in red, as a sort of guide.<\/p>\n<p style=\"text-align: center;\">I <strong><span style=\"color: #ff0000;\">Where is the Beloved?<\/span><\/strong><br \/>\nThey asked the Friend<br \/>\nWhere was the Beloved\u2026<br \/>\n\u201cIn the sigh,\u201d he responded<br \/>\nwith which you have asked me.\u201d<\/p>\n<p style=\"text-align: center;\">III <strong><span style=\"color: #ff0000;\">In love signs are enough: gestures, winks, sighs, tears, smiles\u2026<\/span><\/strong><br \/>\nFriend: why do you strive<br \/>\nto tell me your words<br \/>\nwhen for me your signs are enough?<\/p>\n<p style=\"text-align: center;\">IV <strong><span style=\"color: #ff0000;\">Fruit of contemplative love.<\/span><\/strong><br \/>\nHis face, in that afternoon,<br \/>\nwas imprinted in me so heavily,<br \/>\nthat in order not to erase it<br \/>\nI forced myself not to sleep.<\/p>\n<p style=\"text-align: center;\">V <strong><span style=\"color: #ff0000;\">Missionary love.<\/span><\/strong><br \/>\nI am digging the earth<br \/>\nto see if I find the affection<br \/>\nwith which I want them to love You!<\/p>\n<p style=\"text-align: center;\">VII <strong><span style=\"color: #ff0000;\">Very near is the sigh of the Beloved.<\/span><\/strong><br \/>\nThe sigh that dares<br \/>\nMore close is that from the Beloved<br \/>\nthan is the candor of the snow.<\/p>\n<p style=\"text-align: center;\">VIII <span style=\"color: #ff0000;\"><strong>The nature of the Beloved.<\/strong><\/span><br \/>\nNot wise, He is Wisdom;<br \/>\nNot light, He is the Sun;<br \/>\nNot joyful, He is Joy;<br \/>\nNot loving, He is Love.<\/p>\n<p style=\"text-align: center;\">XIV <span style=\"color: #ff0000;\"><strong>Love and death.<\/strong><\/span><br \/>\nThe friend thought of death:<br \/>\nand he was filled with joy<br \/>\nthinking that he would go to see You.<\/p>\n<p style=\"text-align: center;\">XV <span style=\"color: #ff0000;\"><strong>To love in order not to die.<\/strong><\/span><br \/>\nIf your Love stopped loving you,<br \/>\nwhat would you do with your love?<br \/>\nKeep loving the Beloved<br \/>\nin order to not die myself.<\/p>\n<p style=\"text-align: center;\">XVII <span style=\"color: #ff0000;\"><strong>The Reward of Love.<\/strong><\/span><br \/>\nThe Friend asked the Beloved<br \/>\nthe reward of so much love.<br \/>\nThe Beloved added up the sum\u2026<br \/>\nAnd added his Heart.<\/p>\n<p style=\"text-align: center;\">XVIII <strong><span style=\"color: #ff0000;\">We must ask Jesus to give us as much as He can of Himself.<\/span><\/strong><br \/>\n-What do you wish for from Me?<br \/>\n-I wish that you would give me<br \/>\nas much as you can of You.<\/p>\n<p style=\"text-align: center;\">XX <span style=\"color: #ff0000;\"><strong>Pain is healed increasing the agony.<\/strong><\/span><br \/>\nLove was in pain<br \/>\nfrom agony and sorrow.<br \/>\nThe greatest doctor came:<br \/>\nand increasing his pain<br \/>\nwholly healed the Love.<\/p>\n<p style=\"text-align: center;\">XXII <span style=\"color: #ff0000;\"><strong>In the love of Jesus absence is presence.<\/strong><\/span><br \/>\nThe Friend was complaining<br \/>\nof not finding Your presence.<br \/>\nYou said to him, \u00abMy absence,<br \/>\nwas I not, by chance, with you?\u00bb<\/p>\n<p style=\"text-align: center;\">XXIII <span style=\"color: #ff0000;\"><strong>I cry for having cried so little.<\/strong><\/span><br \/>\nWhy are you crying so much,<br \/>\nFriend of my soul?<br \/>\nAnd the Friend responded:<br \/>\n\u201cI cry for having cried so little!\u201d<\/p>\n<p style=\"text-align: center;\">XXIV <span style=\"color: #ff0000;\"><strong>Name, end, beginning, middle, beyond Love, what?<\/strong><\/span><br \/>\n-What is your name? \u2013Love.<br \/>\n-Where are you going? \u2013Towards Love.<br \/>\n-From where do you come? \u2013From Love.<\/p>\n<p style=\"text-align: center;\">-If Love is your entire possession<br \/>\nAnd to Love you are going and from Love you are coming,<br \/>\nBeyond Love, what have you?<br \/>\n-The remains of so much Love!<\/p>\n<p style=\"text-align: center;\">XXV <span style=\"color: #ff0000;\"><strong>To moan, to love, to cry, to laugh<\/strong><\/span>.<br \/>\n-Why this sad groaning?<br \/>\n-Because they know not how to love\u2026<br \/>\nI felt like crying,<br \/>\nAnd He started to smile.<\/p>\n<p style=\"text-align: center;\">XXX <span style=\"color: #ff0000;\"><strong>The gaze of Jesus.<\/strong><\/span><br \/>\n-Tell me, my Beloved, what is love?<br \/>\nAnd he remained looking at me<br \/>\nFor the whole response!<\/p>\n<p style=\"text-align: center;\">XXXI <span style=\"color: #ff0000;\"><strong>What\u2019s lacking? Lovers! Lovers!<\/strong><\/span><br \/>\nI looked at the clouds, the waters, the flowers,<br \/>\nI listened at the nightingales<br \/>\nfrom the highest peaks&#8230;<br \/>\n-Tell me, My Love, if you are lacking something.<br \/>\n&#8211; Lovers! Lovers!<\/p>\n<p style=\"text-align: center;\">XXXIII <span style=\"color: #ff0000;\"><strong>He teaches how to love until dying of love.<\/strong><\/span><br \/>\n-Do you have many Lovers?<br \/>\n-I have few, because such an occupation<br \/>\nkeeps killing them from love\u2026<\/p>\n<p style=\"text-align: center;\">XXXVI <span style=\"color: #ff0000;\"><strong>He who loves knows all knowledge.<\/strong><\/span><br \/>\nLove came to my presence.<br \/>\n-Why have you come? \u2013To learn&#8230;<br \/>\n&#8211; For do you not know all knowledge,<br \/>\nLove, if you know how to love?<\/p>\n<p style=\"text-align: center;\">XXXVII <span style=\"color: #ff0000;\"><strong>All creation is a reflection of God.<\/strong><\/span><br \/>\n-Roses, did the one I love pass by?<br \/>\n&#8211; Tell us the signs! \u2013Beautiful ones!<br \/>\nGraceful, White, Light &#8230;<br \/>\nThe roses looked at each other.<br \/>\nSignaling the way.<\/p>\n<p style=\"text-align: center;\">XXXIX <span style=\"color: #ff0000;\"><strong>Dryness of Love.<\/strong><\/span><br \/>\nTears were denied by the Beloved<br \/>\nto my dryness of love.<br \/>\nWhen I saw the damp field<br \/>\nI cried for not having cried<br \/>\nAs the flowers cried.<\/p>\n<p style=\"text-align: center;\">XL <span style=\"color: #ff0000;\"><strong>The true disciple of the Lord is always accused by the world.<\/strong><\/span><br \/>\nThey accused the Friend<br \/>\nIn the tribunal of the World:<br \/>\nBecause he went around as a vagabond<br \/>\nIn beggar\u2019s clothing.<\/p>\n<p style=\"text-align: center;\">But my Friend pleaded<br \/>\nHis entire reason clearly,<br \/>\n\u201cIf I live my way,<br \/>\nMy way is one of one in love.\u201d<\/p>\n<p style=\"text-align: center;\">\u201cDon\u2019t oblige me to live faithful<br \/>\nTo what I ignore and despise,<br \/>\nthat the Love finds foolish<br \/>\nwhatever is not Him.\u201d<\/p>\n<p style=\"text-align: center;\">XLI <span style=\"color: #ff0000;\"><strong>All creation is a reflection of God.<\/strong><\/span><br \/>\nI saw a lily and I believed<br \/>\nthat my Beloved was in her;<br \/>\nLater, I saw a beautiful rose<br \/>\nand thought he was there;<br \/>\nLater, in a simple wallflower<br \/>\nand in a river and a star&#8230;<br \/>\nand it was because he was in me!<\/p>\n<p style=\"text-align: center;\">XLIV <span style=\"color: #ff0000;\"><strong>In Jesus\u2019 Love there is no return of what has been given.<\/strong><\/span><br \/>\n-Give me your knowledge and power!<br \/>\n&#8211; To the beloved I gave it &#8230;<br \/>\n-Tell him to give them back to you\u2026<br \/>\n&#8211; He doesn\u2019t want to return them to me.<\/p>\n<p style=\"text-align: center;\">XLVII <span style=\"color: #ff0000;\"><strong>What is Love? That is the response.<\/strong><\/span><br \/>\nHe told me with a sigh:<br \/>\n\u201cExplain to me what is Love&#8230;\u201d<br \/>\n&#8211; Repeat yourself the question,<br \/>\nthat is the answer!<\/p>\n<p style=\"text-align: center;\">XLIX <span style=\"color: #ff0000;\"><strong>He who feigns not to understand all, understands all.<\/strong><\/span><br \/>\nGood understanding is to know<br \/>\nThat the one who feigns not to understand all<br \/>\nBegins to understand it all.<\/p>\n<p style=\"text-align: center;\">LVI <span style=\"color: #ff0000;\"><strong>It is always necessary to suffer.<\/strong><\/span><br \/>\nIt is in vain to seek the flower<br \/>\nWithout hurting yourself on the thorn.<br \/>\nSuffer a little \u2026.that love<br \/>\nmakes his way by itself.<\/p>\n<p style=\"text-align: center;\">LVII<span style=\"color: #ff0000;\"><strong> To die of Love.<\/strong><\/span><br \/>\n&#8211; Teach me a song<br \/>\nTo pray it to the Friend\u2026<br \/>\n&#8211; Continue, Friend\u2026 &#8211; If I continue<br \/>\nI will be brokenhearted<br \/>\n&#8211; And do you want more prayer?<\/p>\n<p style=\"text-align: center;\">&#8211; Give me the knowledge that gathers<br \/>\nthe desire and the presence\u2026<br \/>\n&#8211; Ask, friend, ask,<br \/>\n&#8211; What do you want more knowledge for?<\/p>\n<p style=\"text-align: center;\">&#8211; Give me your burning flame<br \/>\nsince I die for love!<br \/>\n&#8211; And do you want greater life?<\/p>\n<p style=\"text-align: center;\">I do not know, Beloved, what I want,<br \/>\nNor do I know what this loving is,<br \/>\nNor do I know if it be war or peace\u2026<br \/>\n&#8211; If you know already what it is not to know,<br \/>\nwhy do you want to know more?<\/p>\n<p style=\"text-align: center;\">XLII <span style=\"color: #ff0000;\"><strong>The Son and Our Lady.<\/strong><\/span><br \/>\nJust as by the Sun, the dawn,<br \/>\nSo by the light of the Son judge<br \/>\nThe light of Our Lady!<\/p>\n<p style=\"text-align: center;\">XLIII <span style=\"color: #ff0000;\"><strong>The Friend and the Beloved, Jesus Christ.<\/strong><\/span><br \/>\n&#8211; What is his name? \u2013 Without name.<br \/>\n&#8211; Is he strong or weak? \u2013 Both.<br \/>\n&#8211; Is he not God? \u2013 But he is a man&#8230;<br \/>\n-Then is a man. \u2013 But he is God.<br \/>\n&#8211; Give him a name. \u2013 Call him All.<br \/>\n&#8211; Teach me somehow<br \/>\nhow to please him and pray to him.<br \/>\n&#8211; Cry in silence. \u2013 It seems<br \/>\na prayer very short and quite bad!<br \/>\n&#8211; Give yourself wholeheartedly. \u2013 Who presents<br \/>\nso poor an offering?<br \/>\n&#8211; Your Nothingness is so infinite<br \/>\nthat his All makes it equal.<\/p>\n","protected":false},"excerpt":{"rendered":"<p>&#8220;A Brief Dialogue of the Friend with the Beloved&#8221; Given in Washington, DC on May 30, 2009 by Fr. Carlos Buela, founder of the Servants of the Lord and the Virgin of Matara In homage to the friendship with my friend Dr. Antonio Borrell and his distinguished family. Ram\u00f3n Llull was born in Palma, Majorca&hellip;&nbsp;<\/p>\n<div class=\"read-more-wrapper\"><a href=\"https:\/\/ssvmusa.org\/index.php\/about-us\/founder\/a-brief-dialogue-of-the-friend-with-the-beloved-2\/\" class=\"button button-primary\" rel=\"bookmark\">Read More<span class=\"screen-reader-text\">A Brief Dialogue of the Friend with the Beloved<\/span><\/a><\/div>\n","protected":false},"author":1,"featured_media":0,"parent":942,"menu_order":0,"comment_status":"closed","ping_status":"open","template":"","meta":{"neve_meta_sidebar":"","neve_meta_container":"","neve_meta_enable_content_width":"","neve_meta_content_width":0,"neve_meta_title_alignment":"","neve_meta_author_avatar":"","neve_post_elements_order":"","neve_meta_disable_header":"","neve_meta_disable_footer":"","neve_meta_disable_title":"","neve_meta_reading_time":"","_themeisle_gutenberg_block_has_review":false,"footnotes":""},"class_list":["post-6624","page","type-page","status-publish","hentry"],"jetpack_sharing_enabled":true,"amp_enabled":true,"_links":{"self":[{"href":"https:\/\/ssvmusa.org\/index.php\/wp-json\/wp\/v2\/pages\/6624","targetHints":{"allow":["GET"]}}],"collection":[{"href":"https:\/\/ssvmusa.org\/index.php\/wp-json\/wp\/v2\/pages"}],"about":[{"href":"https:\/\/ssvmusa.org\/index.php\/wp-json\/wp\/v2\/types\/page"}],"author":[{"embeddable":true,"href":"https:\/\/ssvmusa.org\/index.php\/wp-json\/wp\/v2\/users\/1"}],"replies":[{"embeddable":true,"href":"https:\/\/ssvmusa.org\/index.php\/wp-json\/wp\/v2\/comments?post=6624"}],"version-history":[{"count":1,"href":"https:\/\/ssvmusa.org\/index.php\/wp-json\/wp\/v2\/pages\/6624\/revisions"}],"predecessor-version":[{"id":6625,"href":"https:\/\/ssvmusa.org\/index.php\/wp-json\/wp\/v2\/pages\/6624\/revisions\/6625"}],"up":[{"embeddable":true,"href":"https:\/\/ssvmusa.org\/index.php\/wp-json\/wp\/v2\/pages\/942"}],"wp:attachment":[{"href":"https:\/\/ssvmusa.org\/index.php\/wp-json\/wp\/v2\/media?parent=6624"}],"curies":[{"name":"wp","href":"https:\/\/api.w.org\/{rel}","templated":true}]}}