{"id":11491,"date":"2018-04-23T21:24:33","date_gmt":"2018-04-23T21:24:33","guid":{"rendered":"http:\/\/ssvmusa.org\/?page_id=11491"},"modified":"2025-01-21T17:05:17","modified_gmt":"2025-01-21T22:05:17","slug":"st-theodore-guerin","status":"publish","type":"page","link":"https:\/\/ssvmusa.org\/index.php\/our-province\/st-theodore-guerin\/","title":{"rendered":"St. Theodore Guerin"},"content":{"rendered":"\t\t<div data-elementor-type=\"wp-page\" data-elementor-id=\"11491\" class=\"elementor elementor-11491\">\n\t\t\t\t\t\t<section class=\"elementor-section elementor-top-section elementor-element elementor-element-c06b55a elementor-section-stretched elementor-section-boxed elementor-section-height-default elementor-section-height-default\" data-id=\"c06b55a\" data-element_type=\"section\" data-e-type=\"section\" data-settings=\"{&quot;stretch_section&quot;:&quot;section-stretched&quot;,&quot;background_background&quot;:&quot;classic&quot;}\">\n\t\t\t\t\t\t\t<div class=\"elementor-background-overlay\"><\/div>\n\t\t\t\t\t\t\t<div class=\"elementor-container elementor-column-gap-no\">\n\t\t\t\t\t<div class=\"elementor-column elementor-col-100 elementor-top-column elementor-element elementor-element-3df8781\" data-id=\"3df8781\" data-element_type=\"column\" data-e-type=\"column\">\n\t\t\t<div class=\"elementor-widget-wrap elementor-element-populated\">\n\t\t\t\t\t\t<div class=\"elementor-element elementor-element-723e871 elementor-widget elementor-widget-image\" data-id=\"723e871\" data-element_type=\"widget\" data-e-type=\"widget\" data-widget_type=\"image.default\">\n\t\t\t\t<div class=\"elementor-widget-container\">\n\t\t\t\t\t\t\t\t\t\t\t\t\t\t\t<img fetchpriority=\"high\" decoding=\"async\" width=\"300\" height=\"225\" src=\"https:\/\/i0.wp.com\/ssvmusa.org\/1s2s3v5m6\/wp-content\/uploads\/2024\/12\/Mankato-Community-2024.jpg?fit=300%2C225&amp;ssl=1\" class=\"attachment-medium size-medium wp-image-26930\" alt=\"\" srcset=\"https:\/\/i0.wp.com\/ssvmusa.org\/1s2s3v5m6\/wp-content\/uploads\/2024\/12\/Mankato-Community-2024.jpg?w=800&amp;ssl=1 800w, https:\/\/i0.wp.com\/ssvmusa.org\/1s2s3v5m6\/wp-content\/uploads\/2024\/12\/Mankato-Community-2024.jpg?resize=300%2C225&amp;ssl=1 300w, https:\/\/i0.wp.com\/ssvmusa.org\/1s2s3v5m6\/wp-content\/uploads\/2024\/12\/Mankato-Community-2024.jpg?resize=768%2C576&amp;ssl=1 768w\" sizes=\"(max-width: 300px) 100vw, 300px\" \/>\t\t\t\t\t\t\t\t\t\t\t\t\t\t\t<\/div>\n\t\t\t\t<\/div>\n\t\t\t\t\t<\/div>\n\t\t<\/div>\n\t\t\t\t\t<\/div>\n\t\t<\/section>\n\t\t\t\t<section class=\"elementor-section elementor-top-section elementor-element elementor-element-dab4e42 elementor-section-stretched elementor-section-full_width elementor-section-height-default elementor-section-height-default\" data-id=\"dab4e42\" data-element_type=\"section\" data-e-type=\"section\" data-settings=\"{&quot;stretch_section&quot;:&quot;section-stretched&quot;,&quot;background_background&quot;:&quot;classic&quot;}\">\n\t\t\t\t\t\t<div class=\"elementor-container elementor-column-gap-default\">\n\t\t\t\t\t<div class=\"elementor-column elementor-col-33 elementor-top-column elementor-element elementor-element-cce7d35\" data-id=\"cce7d35\" data-element_type=\"column\" data-e-type=\"column\">\n\t\t\t<div class=\"elementor-widget-wrap elementor-element-populated\">\n\t\t\t\t\t\t<div class=\"elementor-element elementor-element-fc961fd elementor-widget elementor-widget-text-editor\" data-id=\"fc961fd\" data-element_type=\"widget\" data-e-type=\"widget\" data-widget_type=\"text-editor.default\">\n\t\t\t\t<div class=\"elementor-widget-container\">\n\t\t\t\t\t\t\t\t\t<p>(507) 388-8088<\/p><p><a href=\"mailto:c.theodoreguerin@servidoras.org\">c.theodoreguerin@servidoras.org<\/a><\/p>\t\t\t\t\t\t\t\t<\/div>\n\t\t\t\t<\/div>\n\t\t\t\t\t<\/div>\n\t\t<\/div>\n\t\t\t\t<div class=\"elementor-column elementor-col-33 elementor-top-column elementor-element elementor-element-701a1e8\" data-id=\"701a1e8\" data-element_type=\"column\" data-e-type=\"column\">\n\t\t\t<div class=\"elementor-widget-wrap elementor-element-populated\">\n\t\t\t\t\t\t<div class=\"elementor-element elementor-element-d36a2eb elementor-widget elementor-widget-text-editor\" data-id=\"d36a2eb\" data-element_type=\"widget\" data-e-type=\"widget\" data-widget_type=\"text-editor.default\">\n\t\t\t\t<div class=\"elementor-widget-container\">\n\t\t\t\t\t\t\t\t\t<p style=\"text-align: center;\">Community Mother Theodore Guerin<br \/>104 N. 5<sup>th<\/sup>\u00a0Street<br \/>Mankato, MN 56001<\/p>\t\t\t\t\t\t\t\t<\/div>\n\t\t\t\t<\/div>\n\t\t\t\t\t<\/div>\n\t\t<\/div>\n\t\t\t\t<div class=\"elementor-column elementor-col-33 elementor-top-column elementor-element elementor-element-310e6b2\" data-id=\"310e6b2\" data-element_type=\"column\" data-e-type=\"column\">\n\t\t\t<div class=\"elementor-widget-wrap elementor-element-populated\">\n\t\t\t\t\t\t<div class=\"elementor-element elementor-element-3c6233b elementor-widget elementor-widget-html\" data-id=\"3c6233b\" data-element_type=\"widget\" data-e-type=\"widget\" data-widget_type=\"html.default\">\n\t\t\t\t<div class=\"elementor-widget-container\">\n\t\t\t\t\t<a href=\"https:\/\/www.paypal.com\/cgi-bin\/webscr?cmd=_s-xclick&amp;hosted_button_id=YE8PNCNBUMYQS\" target=\"_blank\" rel=\"noopener noreferrer\"><img data-recalc-dims=\"1\" decoding=\"async\" src=\"https:\/\/i0.wp.com\/www.paypal.com\/en_US\/i\/btn\/btn_donateCC_LG_global.gif?w=1200&#038;ssl=1\" alt=\"\" border=\"0\" \/><\/a>\t\t\t\t<\/div>\n\t\t\t\t<\/div>\n\t\t\t\t\t<\/div>\n\t\t<\/div>\n\t\t\t\t\t<\/div>\n\t\t<\/section>\n\t\t\t\t<section class=\"elementor-section elementor-top-section elementor-element elementor-element-f5849e2 elementor-section-stretched elementor-section-boxed elementor-section-height-default elementor-section-height-default\" data-id=\"f5849e2\" data-element_type=\"section\" data-e-type=\"section\" data-settings=\"{&quot;stretch_section&quot;:&quot;section-stretched&quot;,&quot;background_background&quot;:&quot;classic&quot;}\">\n\t\t\t\t\t\t<div class=\"elementor-container elementor-column-gap-default\">\n\t\t\t\t\t<div class=\"elementor-column elementor-col-100 elementor-top-column elementor-element elementor-element-d7ecabf\" data-id=\"d7ecabf\" data-element_type=\"column\" data-e-type=\"column\">\n\t\t\t<div class=\"elementor-widget-wrap elementor-element-populated\">\n\t\t\t\t\t\t<div class=\"elementor-element elementor-element-712f38a elementor-widget elementor-widget-heading\" data-id=\"712f38a\" data-element_type=\"widget\" data-e-type=\"widget\" data-widget_type=\"heading.default\">\n\t\t\t\t<div class=\"elementor-widget-container\">\n\t\t\t\t\t<h1 class=\"elementor-heading-title elementor-size-default\">Mankato, MN<\/h1>\t\t\t\t<\/div>\n\t\t\t\t<\/div>\n\t\t\t\t<div class=\"elementor-element elementor-element-bca84e3 elementor-widget elementor-widget-text-editor\" data-id=\"bca84e3\" data-element_type=\"widget\" data-e-type=\"widget\" data-widget_type=\"text-editor.default\">\n\t\t\t\t<div class=\"elementor-widget-container\">\n\t\t\t\t\t\t\t\t\t<p style=\"text-align: left;\">Serving in the\u00a0<a href=\"https:\/\/www.dow.org\/\" target=\"_blank\" rel=\"noopener\">Diocese of Winona-Rochester<\/a>.<\/p>\t\t\t\t\t\t\t\t<\/div>\n\t\t\t\t<\/div>\n\t\t\t\t<div class=\"elementor-element elementor-element-faf1546 elementor-widget elementor-widget-heading\" data-id=\"faf1546\" data-element_type=\"widget\" data-e-type=\"widget\" data-widget_type=\"heading.default\">\n\t\t\t\t<div class=\"elementor-widget-container\">\n\t\t\t\t\t<h3 class=\"elementor-heading-title elementor-size-default\">Apostolates<\/h3>\t\t\t\t<\/div>\n\t\t\t\t<\/div>\n\t\t\t\t<div class=\"elementor-element elementor-element-a3c7cbc elementor-widget elementor-widget-text-editor\" data-id=\"a3c7cbc\" data-element_type=\"widget\" data-e-type=\"widget\" data-widget_type=\"text-editor.default\">\n\t\t\t\t<div class=\"elementor-widget-container\">\n\t\t\t\t\t\t\t\t\t<p>The Mother Theodore Community is dedicated to two principle apostolates: teaching and parish life.<\/p><p>During the academic year the sisters teach fulltime at the Saint\u00a0<em><a href=\"https:\/\/iveminorseminary.com\/\" target=\"_blank\" rel=\"noopener noreferrer\">Jos\u00e9 S\u00e1nchez del R\u00edo High School Seminary<\/a><\/em>\u00a0run by the\u00a0<a href=\"http:\/\/www.iveamerica.org\/\" target=\"_blank\" rel=\"noopener noreferrer\">Institute of the Incarnate Word (IVE)<\/a>.<\/p><p>The sisters also serve the\u00a0<a href=\"https:\/\/sspeterandpaul.com\/\" target=\"_blank\" rel=\"noopener noreferrer\">Parish of Saints Peter and Paul<\/a>, where they assist in religious education, liturgy, sacristy, youth ministry and visits to the sick.<\/p><p>Through their life of prayer and imitation of Jesus Christ: poor, chaste and obedient, the sisters seek to be a sign of God\u2019s merciful love in the Parish Community, helping all to keep their eyes \u201cfixed on the things above.\u201d \u00a0(Col. 3:2)<\/p>\t\t\t\t\t\t\t\t<\/div>\n\t\t\t\t<\/div>\n\t\t\t\t\t<\/div>\n\t\t<\/div>\n\t\t\t\t\t<\/div>\n\t\t<\/section>\n\t\t\t\t<section class=\"elementor-section elementor-top-section elementor-element elementor-element-3550ccf elementor-section-stretched elementor-section-boxed elementor-section-height-default elementor-section-height-default\" data-id=\"3550ccf\" data-element_type=\"section\" data-e-type=\"section\" data-settings=\"{&quot;stretch_section&quot;:&quot;section-stretched&quot;,&quot;background_background&quot;:&quot;classic&quot;}\">\n\t\t\t\t\t\t<div class=\"elementor-container elementor-column-gap-default\">\n\t\t\t\t\t<div class=\"elementor-column elementor-col-100 elementor-top-column elementor-element elementor-element-043e1db\" data-id=\"043e1db\" data-element_type=\"column\" data-e-type=\"column\">\n\t\t\t<div class=\"elementor-widget-wrap elementor-element-populated\">\n\t\t\t\t\t\t<div class=\"elementor-element elementor-element-a70da92 elementor-widget elementor-widget-heading\" data-id=\"a70da92\" data-element_type=\"widget\" data-e-type=\"widget\" data-widget_type=\"heading.default\">\n\t\t\t\t<div class=\"elementor-widget-container\">\n\t\t\t\t\t<h3 class=\"elementor-heading-title elementor-size-default\">Our Patroness | <i>St. Mother Theodore Guerin<\/i> (1798 \u2013 1856)<\/h3>\t\t\t\t<\/div>\n\t\t\t\t<\/div>\n\t\t\t\t<div class=\"elementor-element elementor-element-4d403dd elementor-widget elementor-widget-text-editor\" data-id=\"4d403dd\" data-element_type=\"widget\" data-e-type=\"widget\" data-widget_type=\"text-editor.default\">\n\t\t\t\t<div class=\"elementor-widget-container\">\n\t\t\t\t\t\t\t\t\t<p><strong>French Missionary and Saint of the Midwest<\/strong><\/p><p><img decoding=\"async\" data-recalc-dims=\"1\" class=\"size-full wp-image-16423 alignleft\" src=\"https:\/\/i0.wp.com\/ssvmusa.org\/1s2s3v5m6\/wp-content\/uploads\/2020\/03\/download.jpg?resize=183%2C275&#038;ssl=1\" alt=\"\" width=\"183\" height=\"275\" \/>\u201cEquipped with little more than her steadfast desire to serve God, Mother Th\u00e9odore and her five companion Sisters of Providence arrived at the site of their mission at Saint Mary-of-the-Woods, Indiana, the evening of October 22, 1840, and immediately hastened along a muddy, narrow path to the tiny log cabin that served as the chapel. There, they knelt in prayer before the Blessed Sacrament to thank God for their safe journey and to ask for God\u2019s blessings for the new mission.\u201d<\/p><p>\u201cMother Th\u00e9odore knew that alone she could do nothing, but that all things were possible with God. She accepted trials, trouble and occasions when she was treated unjustly as part of her life. In the midst of persecution, Mother Th\u00e9odore remained true, a faithful woman of God.<\/p><p>Mother Th\u00e9odore died sixteen years after she arrived at Saint Mary-of-the-Woods. During those fleeting years, she touched a countless number of lives\u2014and continues to do so today.<\/p><p>The gift she gives to each succeeding generation is her life as a model of holiness, virtue, love and faith.\u201d<\/p><p>Excerpt from\u00a0<a href=\"http:\/\/www.vatican.va\/news_services\/liturgy\/saints\/ns_lit_doc_20061015_guerin_en.html\" target=\"_blank\" rel=\"noopener\">the Vatican text on biographies of new saints<\/a>.\u00a0 Read more to learn about her life.<\/p>\t\t\t\t\t\t\t\t<\/div>\n\t\t\t\t<\/div>\n\t\t\t\t<div class=\"elementor-element elementor-element-76baaf3 elementor-widget elementor-widget-spacer\" data-id=\"76baaf3\" data-element_type=\"widget\" data-e-type=\"widget\" data-widget_type=\"spacer.default\">\n\t\t\t\t<div class=\"elementor-widget-container\">\n\t\t\t\t\t\t\t<div class=\"elementor-spacer\">\n\t\t\t<div class=\"elementor-spacer-inner\"><\/div>\n\t\t<\/div>\n\t\t\t\t\t\t<\/div>\n\t\t\t\t<\/div>\n\t\t\t\t\t<\/div>\n\t\t<\/div>\n\t\t\t\t\t<\/div>\n\t\t<\/section>\n\t\t\t\t<\/div>\n\t\t","protected":false},"excerpt":{"rendered":"<p>(507) 388-8088 c.theodoreguerin@servidoras.org Community Mother Theodore Guerin104 N. 5th\u00a0StreetMankato, MN 56001 Mankato, MN Serving in the\u00a0Diocese of Winona-Rochester. Apostolates The Mother Theodore Community is dedicated to two principle apostolates: teaching and parish life. During the academic year the sisters teach fulltime at the Saint\u00a0Jos\u00e9 S\u00e1nchez del R\u00edo High School Seminary\u00a0run by the\u00a0Institute of the Incarnate&hellip;&nbsp;<\/p>\n<div class=\"read-more-wrapper\"><a href=\"https:\/\/ssvmusa.org\/index.php\/our-province\/st-theodore-guerin\/\" class=\"button button-primary\" rel=\"bookmark\">Read More<span class=\"screen-reader-text\">St. Theodore Guerin<\/span><\/a><\/div>\n","protected":false},"author":1,"featured_media":11493,"parent":975,"menu_order":0,"comment_status":"closed","ping_status":"closed","template":"","meta":{"neve_meta_sidebar":"","neve_meta_container":"","neve_meta_enable_content_width":"off","neve_meta_content_width":0,"neve_meta_title_alignment":"","neve_meta_author_avatar":"","neve_post_elements_order":"","neve_meta_disable_header":"","neve_meta_disable_footer":"","neve_meta_disable_title":"on","neve_meta_reading_time":"","_themeisle_gutenberg_block_has_review":false,"footnotes":""},"class_list":["post-11491","page","type-page","status-publish","has-post-thumbnail","hentry"],"jetpack_sharing_enabled":true,"amp_enabled":true,"_links":{"self":[{"href":"https:\/\/ssvmusa.org\/index.php\/wp-json\/wp\/v2\/pages\/11491","targetHints":{"allow":["GET"]}}],"collection":[{"href":"https:\/\/ssvmusa.org\/index.php\/wp-json\/wp\/v2\/pages"}],"about":[{"href":"https:\/\/ssvmusa.org\/index.php\/wp-json\/wp\/v2\/types\/page"}],"author":[{"embeddable":true,"href":"https:\/\/ssvmusa.org\/index.php\/wp-json\/wp\/v2\/users\/1"}],"replies":[{"embeddable":true,"href":"https:\/\/ssvmusa.org\/index.php\/wp-json\/wp\/v2\/comments?post=11491"}],"version-history":[{"count":5,"href":"https:\/\/ssvmusa.org\/index.php\/wp-json\/wp\/v2\/pages\/11491\/revisions"}],"predecessor-version":[{"id":27087,"href":"https:\/\/ssvmusa.org\/index.php\/wp-json\/wp\/v2\/pages\/11491\/revisions\/27087"}],"up":[{"embeddable":true,"href":"https:\/\/ssvmusa.org\/index.php\/wp-json\/wp\/v2\/pages\/975"}],"wp:featuredmedia":[{"embeddable":true,"href":"https:\/\/ssvmusa.org\/index.php\/wp-json\/wp\/v2\/media\/11493"}],"wp:attachment":[{"href":"https:\/\/ssvmusa.org\/index.php\/wp-json\/wp\/v2\/media?parent=11491"}],"curies":[{"name":"wp","href":"https:\/\/api.w.org\/{rel}","templated":true}]}}